{"id":139,"date":"2020-08-18T13:59:50","date_gmt":"2020-08-18T13:59:50","guid":{"rendered":"http:\/\/tinas-zwergenkiste.de\/?page_id=139"},"modified":"2024-11-16T16:27:14","modified_gmt":"2024-11-16T16:27:14","slug":"lage-kontakt","status":"publish","type":"page","link":"http:\/\/tinas-zwergenkiste.de\/?page_id=139","title":{"rendered":"Lage &#038; Kontakt"},"content":{"rendered":"\n<div class=\"wp-block-media-text alignwide is-stacked-on-mobile is-vertically-aligned-top\" style=\"grid-template-columns:15% auto\"><figure class=\"wp-block-media-text__media\"><img loading=\"lazy\" decoding=\"async\" width=\"1024\" height=\"1024\" src=\"http:\/\/tinas-zwergenkiste.de\/wp-content\/uploads\/2022\/09\/IMG_20220923_122418k1-1024x1024.jpg\" alt=\"\" class=\"wp-image-844 size-full\" srcset=\"http:\/\/tinas-zwergenkiste.de\/wp-content\/uploads\/2022\/09\/IMG_20220923_122418k1-1024x1024.jpg 1024w, http:\/\/tinas-zwergenkiste.de\/wp-content\/uploads\/2022\/09\/IMG_20220923_122418k1-300x300.jpg 300w, http:\/\/tinas-zwergenkiste.de\/wp-content\/uploads\/2022\/09\/IMG_20220923_122418k1-150x150.jpg 150w, http:\/\/tinas-zwergenkiste.de\/wp-content\/uploads\/2022\/09\/IMG_20220923_122418k1-768x768.jpg 768w, http:\/\/tinas-zwergenkiste.de\/wp-content\/uploads\/2022\/09\/IMG_20220923_122418k1-1536x1536.jpg 1536w, http:\/\/tinas-zwergenkiste.de\/wp-content\/uploads\/2022\/09\/IMG_20220923_122418k1-2048x2048.jpg 2048w\" sizes=\"auto, (max-width: 1024px) 100vw, 1024px\" \/><\/figure><div class=\"wp-block-media-text__content\">\n<p class=\"has-text-color\" style=\"color:#464e55\">Wir wohnen in Inzlingen, direkt an der schweizer Grenze, in einem freistehenden Einfamilienhaus mit gro\u00dfem Garten in einer verkehrsberuhigten Zone.<\/p>\n\n\n\n<p class=\"has-text-color\" style=\"color:#464e55\">In unmittelbarer Umgebung gibt es verschiedene Spielpl\u00e4tze sowie Feld- und Waldwege f\u00fcr Spazierg\u00e4nge.<\/p>\n<\/div><\/div>\n\n\n\n<hr class=\"wp-block-separator has-text-color has-alpha-channel-opacity has-background\" style=\"background-color:#87c43c;color:#87c43c\"\/>\n\n\n\n<div class=\"wp-block-media-text alignwide is-stacked-on-mobile is-vertically-aligned-bottom\" style=\"grid-template-columns:15% auto\"><figure class=\"wp-block-media-text__media\"><img loading=\"lazy\" decoding=\"async\" width=\"800\" height=\"800\" src=\"http:\/\/tinas-zwergenkiste.de\/wp-content\/uploads\/2020\/11\/img_zk026.jpg\" alt=\"\" class=\"wp-image-805 size-full\" srcset=\"http:\/\/tinas-zwergenkiste.de\/wp-content\/uploads\/2020\/11\/img_zk026.jpg 800w, http:\/\/tinas-zwergenkiste.de\/wp-content\/uploads\/2020\/11\/img_zk026-300x300.jpg 300w, http:\/\/tinas-zwergenkiste.de\/wp-content\/uploads\/2020\/11\/img_zk026-150x150.jpg 150w, http:\/\/tinas-zwergenkiste.de\/wp-content\/uploads\/2020\/11\/img_zk026-768x768.jpg 768w\" sizes=\"auto, (max-width: 800px) 100vw, 800px\" \/><\/figure><div class=\"wp-block-media-text__content\">\n<p><mark style=\"background-color:rgba(0, 0, 0, 0);color:#464e55\" class=\"has-inline-color\">Tina Glatzel<\/mark><br><mark style=\"background-color:rgba(0, 0, 0, 0);color:#464e55\" class=\"has-inline-color\">B\u00fctzmattweg 49<\/mark><br><mark style=\"background-color:rgba(0, 0, 0, 0);color:#464e55\" class=\"has-inline-color\">79594 Inzlingen<\/mark><\/p>\n\n\n\n<p class=\"has-text-color\" style=\"color:#464e55\">Telefon: +49 (0) 7621 9156191<br>E-Mail: <a href=\"mailto:info@tinas-zwergenkiste.de\">info@tinas-zwergenkiste.de<\/a><\/p>\n<\/div><\/div>\n\n\n\n<p><\/p>\n","protected":false},"excerpt":{"rendered":"<p>Wir wohnen in Inzlingen, direkt an der schweizer Grenze, in einem freistehenden Einfamilienhaus mit gro\u00dfem Garten in einer verkehrsberuhigten Zone. In unmittelbarer Umgebung gibt es verschiedene Spielpl\u00e4tze sowie Feld- und Waldwege f\u00fcr Spazierg\u00e4nge. Tina GlatzelB\u00fctzmattweg 4979594 Inzlingen Telefon: +49 (0) 7621 9156191E-Mail: info@tinas-zwergenkiste.de<\/p>\n","protected":false},"author":1,"featured_media":0,"parent":0,"menu_order":0,"comment_status":"closed","ping_status":"closed","template":"","meta":{"footnotes":""},"class_list":["post-139","page","type-page","status-publish","hentry"],"_links":{"self":[{"href":"http:\/\/tinas-zwergenkiste.de\/index.php?rest_route=\/wp\/v2\/pages\/139","targetHints":{"allow":["GET"]}}],"collection":[{"href":"http:\/\/tinas-zwergenkiste.de\/index.php?rest_route=\/wp\/v2\/pages"}],"about":[{"href":"http:\/\/tinas-zwergenkiste.de\/index.php?rest_route=\/wp\/v2\/types\/page"}],"author":[{"embeddable":true,"href":"http:\/\/tinas-zwergenkiste.de\/index.php?rest_route=\/wp\/v2\/users\/1"}],"replies":[{"embeddable":true,"href":"http:\/\/tinas-zwergenkiste.de\/index.php?rest_route=%2Fwp%2Fv2%2Fcomments&post=139"}],"version-history":[{"count":37,"href":"http:\/\/tinas-zwergenkiste.de\/index.php?rest_route=\/wp\/v2\/pages\/139\/revisions"}],"predecessor-version":[{"id":889,"href":"http:\/\/tinas-zwergenkiste.de\/index.php?rest_route=\/wp\/v2\/pages\/139\/revisions\/889"}],"wp:attachment":[{"href":"http:\/\/tinas-zwergenkiste.de\/index.php?rest_route=%2Fwp%2Fv2%2Fmedia&parent=139"}],"curies":[{"name":"wp","href":"https:\/\/api.w.org\/{rel}","templated":true}]}}